{"id":16,"date":"2024-10-08T11:45:50","date_gmt":"2024-10-08T11:45:50","guid":{"rendered":"https:\/\/saharagatetours.com\/?page_id=16"},"modified":"2024-11-17T23:21:09","modified_gmt":"2024-11-17T23:21:09","slug":"home","status":"publish","type":"page","link":"https:\/\/saharagatetours.com\/es\/","title":{"rendered":"Home"},"content":{"rendered":"<h6>Viajes Por Marruecos \u2013 Rutas a Marruecos \u2013 Excursiones al Desierto y Paseo De Camellos<\/h6>\n<h1>Sahara Gate Tours<\/h1>\n<section data-id=\"80c04cf\" data-element_type=\"section\" data-settings=\"{&quot;animation&quot;:&quot;fadeIn&quot;,&quot;background_background&quot;:&quot;classic&quot;}\">Nuestros expertos en viajes crear\u00e1n un itinerario personalizado basado en sus intereses y presupuesto particulares<\/p>\n<\/section>\n<section data-id=\"152838f\" data-element_type=\"section\">\n<h1><\/h1>\n<\/section>\n<h2>Viajes Por Marruecos \u2013 Rutas a Marruecos \u2013 Excursiones al Desierto y Paseo De Camellos<\/h2>\n<p style=\"margin-top: 0px; margin-bottom: var(--global-md-spacing); color: #000000; font-family: Quicksand, sans-serif; font-size: 17px; background-color: #ffffff;\">SAHARA GATE\u00a0 TOURS\u00a0 ofrece una amplia variedad de rutas y estamos especializados en la regi\u00f3n del sur del S\u00e1hara y de las monta\u00f1as del Atlas, la regi\u00f3n que precisamente llamamos el Marruecos Real. Les invitamos a explorar los fascinantes paisajes de Marruecos, una tierra de grandes contrastes, leyendas e \u00a0historias.<\/p>\n<p style=\"margin-top: 0px; margin-bottom: var(--global-md-spacing); color: #000000; font-family: Quicksand, sans-serif; font-size: 17px; background-color: #ffffff;\">Nuestras excursiones culturales le llevar\u00e1n al coraz\u00f3n de Marruecos para disfrutar de una ex\u00f2tica aventura.El equipo de sahara Gate Tours\u00a0 llevar\u00e1 desde cualquier sitio hasta su alojamiento en el hotel, aeropuerto, estaci\u00f3n de tren o puerto para comenzar su particular viaje de Marruecos.<\/p>\n<p style=\"margin-top: 0px; margin-bottom: 0px; color: #000000; font-family: Quicksand, sans-serif; font-size: 17px; background-color: #ffffff;\">Por favor no dude en contactarnos para contestar a preguntas sobre nuestras excursiones o comentar sus deseos para un viaje personalizado y \u00fanico. Deseamos verle!<\/p>\n<h2 style=\"margin-bottom: 0.5em; font-family: var(--global-heading-font-family); font-weight: bold; font-size: 28px; line-height: 1; letter-spacing: normal; text-transform: none; color: var(--global-palette3);\">Ofertas especiales de viajes a marruecos<\/h2>\n<h2 style=\"margin-bottom: 0.5em; font-family: var(--global-heading-font-family); font-weight: bold; font-size: 28px; line-height: 1; color: var(--global-palette3);\">Ofertas especiales de viajes a marruecos<\/h2>\n<p>Nuestros expertos en viajes crear\u00e1n un itinerario personalizado basado en sus intereses y presupuesto particulares.Disponemos de una variedad de actividades que satisfacen las necesidades de cualquier cliente\u00a0Actividades desde excursiones culturales, luna de miel, expediciones al desierto, gira vip, giras por el desierto, pueblos bereberes, antiguas Kasbahs, ciudades imperiales, excursiones guiadas y vacaciones para viajeros solitarios, parejas,\u00a0familias, peque\u00f1os grupos, amigos, vacaciones de lujo.Si est\u00e1 buscando excursiones de un d\u00eda &amp; Excursiones personales le recomendamos que reserve con nosotros lo antes posible, de esta manera podremos reservar su excursi\u00f3n y ayudarle a planificar su itinerario.Nuestras excursiones son 100 % ecol\u00f3gicas<\/p>\n<p><img loading=\"lazy\" decoding=\"async\" src=\"https:\/\/saharagatetours.com\/es\/wp-content\/uploads\/2022\/11\/51.jpg\" sizes=\"auto, (max-width: 960px) 100vw, 960px\" srcset=\"https:\/\/saharagatetours.com\/es\/wp-content\/uploads\/2022\/11\/51.jpg 960w, https:\/\/saharagatetours.com\/es\/wp-content\/uploads\/2022\/11\/51-300x169.jpg 300w, https:\/\/saharagatetours.com\/es\/wp-content\/uploads\/2022\/11\/51-768x432.jpg 768w\" alt=\"\" width=\"960\" height=\"540\" \/><br \/>\n<img loading=\"lazy\" decoding=\"async\" src=\"https:\/\/saharagatetours.com\/es\/wp-content\/uploads\/2022\/11\/13.jpg\" sizes=\"auto, (max-width: 1000px) 100vw, 1000px\" srcset=\"https:\/\/saharagatetours.com\/es\/wp-content\/uploads\/2022\/11\/13.jpg 1000w, https:\/\/saharagatetours.com\/es\/wp-content\/uploads\/2022\/11\/13-300x220.jpg 300w, https:\/\/saharagatetours.com\/es\/wp-content\/uploads\/2022\/11\/13-768x562.jpg 768w\" alt=\"\" width=\"1000\" height=\"732\" \/><\/p>\n<h2>Popular Tour Package<\/h2>\n<p>Our Moroccan Tours Start from Imperial Cities are beautifully designed to suit your Traveling needs in Our Country.<\/p>\n<p><img loading=\"lazy\" decoding=\"async\" src=\"https:\/\/saharagatetours.com\/es\/wp-content\/uploads\/2022\/10\/11.jpg\" sizes=\"auto, (max-width: 858px) 100vw, 858px\" srcset=\"https:\/\/saharagatetours.com\/es\/wp-content\/uploads\/2022\/10\/11.jpg 858w, https:\/\/saharagatetours.com\/es\/wp-content\/uploads\/2022\/10\/11-300x187.jpg 300w, https:\/\/saharagatetours.com\/es\/wp-content\/uploads\/2022\/10\/11-768x480.jpg 768w\" alt=\"\" width=\"858\" height=\"536\" \/><\/p>\n<h5><a href=\"https:\/\/saharagatetours.com\/3-days-marrakech-merzouga-via-high-atlas-mountains\/\">3 Dias Tour De Marrakech al Sahara Erg Chebbi<\/a><\/h5>\n<ul>\n<li>Marrakech<\/li>\n<li>3 Dias<\/li>\n<\/ul>\n<p><img loading=\"lazy\" decoding=\"async\" src=\"https:\/\/saharagatetours.com\/es\/wp-content\/uploads\/2022\/11\/36.jpg\" sizes=\"auto, (max-width: 960px) 100vw, 960px\" srcset=\"https:\/\/saharagatetours.com\/es\/wp-content\/uploads\/2022\/11\/36.jpg 960w, https:\/\/saharagatetours.com\/es\/wp-content\/uploads\/2022\/11\/36-300x199.jpg 300w, https:\/\/saharagatetours.com\/es\/wp-content\/uploads\/2022\/11\/36-768x510.jpg 768w\" alt=\"\" width=\"960\" height=\"638\" \/><\/p>\n<h5><a href=\"https:\/\/saharagatetours.com\/4-days-marrakech-to-merzouga-sahara-desert\/\">4 D\u00edas al desierto 3 Noches Ruta desde Marrakesh<\/a><\/h5>\n<ul>\n<li>Marrakech<\/li>\n<li>4 Dias<\/li>\n<\/ul>\n<p><img loading=\"lazy\" decoding=\"async\" src=\"https:\/\/saharagatetours.com\/es\/wp-content\/uploads\/2016\/08\/morocco-fes-fes-el-bali-tanneries-panorama.jpg\" sizes=\"auto, (max-width: 630px) 100vw, 630px\" srcset=\"https:\/\/saharagatetours.com\/es\/wp-content\/uploads\/2016\/08\/morocco-fes-fes-el-bali-tanneries-panorama.jpg 630w, https:\/\/saharagatetours.com\/es\/wp-content\/uploads\/2016\/08\/morocco-fes-fes-el-bali-tanneries-panorama-300x201.jpg 300w\" alt=\"\" width=\"630\" height=\"423\" \/><\/p>\n<h5><a href=\"https:\/\/saharagatetours.com\/3-days-desert-tour-from-fes-to-marrakech\/\">3 D\u00edas Al Desierto desde Fez hasta Erg chebbi Dunas<br \/>\n<\/a><\/h5>\n<ul>\n<li>Fes<\/li>\n<li>3 Dias<\/li>\n<\/ul>\n<p><img loading=\"lazy\" decoding=\"async\" src=\"https:\/\/saharagatetours.com\/es\/wp-content\/uploads\/2022\/11\/36.jpg\" sizes=\"auto, (max-width: 960px) 100vw, 960px\" srcset=\"https:\/\/saharagatetours.com\/es\/wp-content\/uploads\/2022\/11\/36.jpg 960w, https:\/\/saharagatetours.com\/es\/wp-content\/uploads\/2022\/11\/36-300x199.jpg 300w, https:\/\/saharagatetours.com\/es\/wp-content\/uploads\/2022\/11\/36-768x510.jpg 768w\" alt=\"\" width=\"960\" height=\"638\" \/><\/p>\n<h5><a href=\"https:\/\/saharagatetours.com\/4-days-desert-tour-fes-to-marrakech\/\">5 dias Fez al desierto y terminar a Marrakech<\/a><\/h5>\n<ul>\n<li>Fes<\/li>\n<li>5 Dias<\/li>\n<\/ul>\n<p><img loading=\"lazy\" decoding=\"async\" src=\"https:\/\/saharagatetours.com\/es\/wp-content\/uploads\/2022\/11\/10.jpg\" sizes=\"auto, (max-width: 550px) 100vw, 550px\" srcset=\"https:\/\/saharagatetours.com\/es\/wp-content\/uploads\/2022\/11\/10.jpg 550w, https:\/\/saharagatetours.com\/es\/wp-content\/uploads\/2022\/11\/10-300x200.jpg 300w\" alt=\"\" width=\"550\" height=\"367\" \/><\/p>\n<h5><a href=\"https:\/\/saharagatetours.com\/8-days-casablanca-imperial-cities-to-erg-chebbi-desert-trip\/\">8 Dias Desde Casablanca, Tour Ciudades imperiales<\/a><\/h5>\n<ul>\n<li>Casablanca<\/li>\n<li>8 Dias<\/li>\n<\/ul>\n<p><img loading=\"lazy\" decoding=\"async\" src=\"https:\/\/saharagatetours.com\/es\/wp-content\/uploads\/2017\/06\/8-Days-from-tanger.jpg\" sizes=\"auto, (max-width: 960px) 100vw, 960px\" srcset=\"https:\/\/saharagatetours.com\/es\/wp-content\/uploads\/2017\/06\/8-Days-from-tanger.jpg 960w, https:\/\/saharagatetours.com\/es\/wp-content\/uploads\/2017\/06\/8-Days-from-tanger-300x200.jpg 300w, https:\/\/saharagatetours.com\/es\/wp-content\/uploads\/2017\/06\/8-Days-from-tanger-768x511.jpg 768w\" alt=\"\" width=\"960\" height=\"639\" \/><\/p>\n<h5><a href=\"https:\/\/saharagatetours.com\/7-days-from-tanger-chefchaouen-merzouga\/\">Ruta de 12 Dias de Tanger Norte y el Sur Desierto<br \/>\n<\/a><\/h5>\n<ul>\n<li>Tangier<\/li>\n<li>12 Dias<\/li>\n<\/ul>\n<h2>Marrakech Day Trips<\/h2>\n<p>&nbsp;<\/p>\n<h3>Day Trip to Ouzoud Waterfalls<\/h3>\n<p>Discover More<\/p>\n<h3>Day trip to Essaouira<\/h3>\n<p>Discover More<\/p>\n<h3>Day Trip to Ourika<\/h3>\n<p>Discover More<\/p>\n<h3>Ksar A\u00eft Ben Haddou<\/h3>\n<p>Discover More<\/p>\n<h6>Morocco Activities<\/h6>\n<h2>Explore The Best of Merzouga Desert<\/h2>\n<h2>Morocco Travel Tips<\/h2>\n<p>With an extension of 446,550 km2 Morocco has approximately 36 million inhabitants. The country\u2019s largest city is Casablanca, with just under 6.5 million inhabitants. The capital is Rabat which\u2026<\/p>\n<p><a href=\"https:\/\/saharagatetours.com\/morocco-travel-tips\/\"><br \/>\nRead More<br \/>\n<\/a><\/p>\n<h6>Testimonial<\/h6>\n<h2>What They Say<\/h2>\n<p>[trustindex no-registration=tripadvisor]<\/p>\n","protected":false},"excerpt":{"rendered":"<p>Viajes Por Marruecos \u2013 Rutas a Marruecos \u2013 Excursiones al Desierto y Paseo De Camellos Sahara Gate Tours Nuestros expertos en viajes crear\u00e1n un itinerario personalizado basado en sus intereses y presupuesto particulares Viajes Por Marruecos \u2013 Rutas a Marruecos \u2013 Excursiones al Desierto y Paseo De Camellos SAHARA GATE\u00a0 TOURS\u00a0 ofrece una amplia variedad [&hellip;]<\/p>\n","protected":false},"author":1,"featured_media":0,"parent":0,"menu_order":0,"comment_status":"closed","ping_status":"closed","template":"elementor_header_footer","meta":{"footnotes":""},"class_list":["post-16","page","type-page","status-publish","hentry"],"_links":{"self":[{"href":"https:\/\/saharagatetours.com\/es\/wp-json\/wp\/v2\/pages\/16","targetHints":{"allow":["GET"]}}],"collection":[{"href":"https:\/\/saharagatetours.com\/es\/wp-json\/wp\/v2\/pages"}],"about":[{"href":"https:\/\/saharagatetours.com\/es\/wp-json\/wp\/v2\/types\/page"}],"author":[{"embeddable":true,"href":"https:\/\/saharagatetours.com\/es\/wp-json\/wp\/v2\/users\/1"}],"replies":[{"embeddable":true,"href":"https:\/\/saharagatetours.com\/es\/wp-json\/wp\/v2\/comments?post=16"}],"version-history":[{"count":102,"href":"https:\/\/saharagatetours.com\/es\/wp-json\/wp\/v2\/pages\/16\/revisions"}],"predecessor-version":[{"id":7422,"href":"https:\/\/saharagatetours.com\/es\/wp-json\/wp\/v2\/pages\/16\/revisions\/7422"}],"wp:attachment":[{"href":"https:\/\/saharagatetours.com\/es\/wp-json\/wp\/v2\/media?parent=16"}],"curies":[{"name":"wp","href":"https:\/\/api.w.org\/{rel}","templated":true}]}}